{"id":566,"date":"2024-11-18T18:52:39","date_gmt":"2024-11-18T17:52:39","guid":{"rendered":"https:\/\/pazeraprojektuje.pl\/sklep\/?post_type=product&#038;p=566"},"modified":"2024-11-20T19:10:48","modified_gmt":"2024-11-20T18:10:48","slug":"madness-50x70-cm","status":"publish","type":"product","link":"https:\/\/pazeraprojektuje.pl\/sklep\/produkt\/madness-50x70-cm\/","title":{"rendered":"Madness 50&#215;70 cm"},"content":{"rendered":"","protected":false},"excerpt":{"rendered":"<p>By\u0107 mo\u017ce jeszcze za wcze\u015bnie, \u017ceby spojrze\u0107 na pierwsz\u0105 tak\u0105 pandemi\u0119 z pozycji spokojnego obserwatora, ale dla mojego wewn\u0119trznego dziecka jest to czas tak samo dziwny i ekscytuj\u0105cy, jak prze\u017cyty prze\u0142om tysi\u0105clecia.<\/p>\n<p>format:\u00a0<strong>50\u00d770 cm<\/strong><br \/>\nPlakat wydrukowa\u0142am w\u00a0<strong>50<\/strong>\u00a0egzemplarzach\u00a0 technik\u0105 sitodruku na super grubym papierze \u2013 Munken Pure 300g.<\/p>\n<p>Plakat kupujesz bez ramy<\/p>\n","protected":false},"featured_media":567,"template":"","meta":{"_crdt_document":""},"product_brand":[],"product_cat":[17,28],"product_tag":[26],"class_list":{"0":"post-566","1":"product","2":"type-product","3":"status-publish","4":"has-post-thumbnail","6":"product_cat-plakaty","7":"product_cat-z-przeslaniem","8":"product_tag-sitodruk","10":"first","11":"instock","12":"shipping-taxable","13":"purchasable","14":"product-type-simple"},"_links":{"self":[{"href":"https:\/\/pazeraprojektuje.pl\/sklep\/wp-json\/wp\/v2\/product\/566","targetHints":{"allow":["GET"]}}],"collection":[{"href":"https:\/\/pazeraprojektuje.pl\/sklep\/wp-json\/wp\/v2\/product"}],"about":[{"href":"https:\/\/pazeraprojektuje.pl\/sklep\/wp-json\/wp\/v2\/types\/product"}],"wp:featuredmedia":[{"embeddable":true,"href":"https:\/\/pazeraprojektuje.pl\/sklep\/wp-json\/wp\/v2\/media\/567"}],"wp:attachment":[{"href":"https:\/\/pazeraprojektuje.pl\/sklep\/wp-json\/wp\/v2\/media?parent=566"}],"wp:term":[{"taxonomy":"product_brand","embeddable":true,"href":"https:\/\/pazeraprojektuje.pl\/sklep\/wp-json\/wp\/v2\/product_brand?post=566"},{"taxonomy":"product_cat","embeddable":true,"href":"https:\/\/pazeraprojektuje.pl\/sklep\/wp-json\/wp\/v2\/product_cat?post=566"},{"taxonomy":"product_tag","embeddable":true,"href":"https:\/\/pazeraprojektuje.pl\/sklep\/wp-json\/wp\/v2\/product_tag?post=566"}],"curies":[{"name":"wp","href":"https:\/\/api.w.org\/{rel}","templated":true}]}}