{"id":656,"date":"2024-11-20T17:37:12","date_gmt":"2024-11-20T16:37:12","guid":{"rendered":"https:\/\/pazeraprojektuje.pl\/sklep\/?post_type=product&#038;p=656"},"modified":"2024-11-27T17:37:29","modified_gmt":"2024-11-27T16:37:29","slug":"piekarz-30x40-cm","status":"publish","type":"product","link":"https:\/\/pazeraprojektuje.pl\/sklep\/produkt\/piekarz-30x40-cm\/","title":{"rendered":"Piekarz 30&#215;40 cm"},"content":{"rendered":"","protected":false},"excerpt":{"rendered":"<p><strong>Starogardzkie legendy<\/strong> to projekt, kt\u00f3rym o\u017cywiam zapomniane opowiadania i postacie, \u017ceby wszystkie dzieci od lat 3 do 102 mia\u0142y okazj\u0119 je pozna\u0107. Ka\u017cdy plakat to inna legenda. Wszystkie mo\u017cesz przeczyta\u0107 na moim <a href=\"https:\/\/pazeraprojektuje.pl\/category\/legendy-miejskie\/\" target=\"_blank\" rel=\"noopener\">blogu<\/a>.<\/p>\n<p><strong>Format 30x40cm<\/strong><\/p>\n<p>Super matowy wydruk na przepi\u0119knym grubym papierze.<\/p>\n<p><strong>Plakat kupujesz bez ramy.<\/strong><\/p>\n","protected":false},"featured_media":647,"template":"","meta":{"_crdt_document":""},"product_brand":[],"product_cat":[27,17],"product_tag":[],"class_list":{"0":"post-656","1":"product","2":"type-product","3":"status-publish","4":"has-post-thumbnail","6":"product_cat-legendy","7":"product_cat-plakaty","9":"first","10":"instock","11":"shipping-taxable","12":"purchasable","13":"product-type-simple"},"_links":{"self":[{"href":"https:\/\/pazeraprojektuje.pl\/sklep\/wp-json\/wp\/v2\/product\/656","targetHints":{"allow":["GET"]}}],"collection":[{"href":"https:\/\/pazeraprojektuje.pl\/sklep\/wp-json\/wp\/v2\/product"}],"about":[{"href":"https:\/\/pazeraprojektuje.pl\/sklep\/wp-json\/wp\/v2\/types\/product"}],"wp:featuredmedia":[{"embeddable":true,"href":"https:\/\/pazeraprojektuje.pl\/sklep\/wp-json\/wp\/v2\/media\/647"}],"wp:attachment":[{"href":"https:\/\/pazeraprojektuje.pl\/sklep\/wp-json\/wp\/v2\/media?parent=656"}],"wp:term":[{"taxonomy":"product_brand","embeddable":true,"href":"https:\/\/pazeraprojektuje.pl\/sklep\/wp-json\/wp\/v2\/product_brand?post=656"},{"taxonomy":"product_cat","embeddable":true,"href":"https:\/\/pazeraprojektuje.pl\/sklep\/wp-json\/wp\/v2\/product_cat?post=656"},{"taxonomy":"product_tag","embeddable":true,"href":"https:\/\/pazeraprojektuje.pl\/sklep\/wp-json\/wp\/v2\/product_tag?post=656"}],"curies":[{"name":"wp","href":"https:\/\/api.w.org\/{rel}","templated":true}]}}