{"id":668,"date":"2024-11-26T08:38:56","date_gmt":"2024-11-26T07:38:56","guid":{"rendered":"https:\/\/pazeraprojektuje.pl\/sklep\/?post_type=product&#038;p=668"},"modified":"2024-11-27T11:57:31","modified_gmt":"2024-11-27T10:57:31","slug":"kociewie-50x70","status":"publish","type":"product","link":"https:\/\/pazeraprojektuje.pl\/sklep\/produkt\/kociewie-50x70\/","title":{"rendered":"Kociewie 50&#215;70 cm"},"content":{"rendered":"","protected":false},"excerpt":{"rendered":"<p>&#8222;Niewielu ludzi wie o tym, \u017ce rzeka Wierzyca, kt\u00f3ra wyp\u0142ywa z jeziora na Pojezierzu Kaszubskim, przep\u0142ywaj\u0105c przez Starogard Gda\u0144ski, przybiera kszta\u0142t kota&#8221;. Tak zaczyna si\u0119 legenda o Le\u015bniczym Wawrzy\u0144cu, a ten plakat opowiada nie tylko o kotach, ale te\u017c o ca\u0142kiem ciekawych miejscach, kt\u00f3re mo\u017cna znale\u017a\u0107 w stolicy Kociewia.<\/p>\n<p>format:\u00a0<strong>50\u00d770 cm<\/strong><\/p>\n<p>Plakat kupujesz bez ramy.<\/p>\n","protected":false},"featured_media":669,"template":"","meta":{"_crdt_document":""},"product_brand":[],"product_cat":[17,30],"product_tag":[],"class_list":{"0":"post-668","1":"product","2":"type-product","3":"status-publish","4":"has-post-thumbnail","6":"product_cat-plakaty","7":"product_cat-starogardzkie","9":"first","10":"instock","11":"shipping-taxable","12":"purchasable","13":"product-type-simple"},"_links":{"self":[{"href":"https:\/\/pazeraprojektuje.pl\/sklep\/wp-json\/wp\/v2\/product\/668","targetHints":{"allow":["GET"]}}],"collection":[{"href":"https:\/\/pazeraprojektuje.pl\/sklep\/wp-json\/wp\/v2\/product"}],"about":[{"href":"https:\/\/pazeraprojektuje.pl\/sklep\/wp-json\/wp\/v2\/types\/product"}],"wp:featuredmedia":[{"embeddable":true,"href":"https:\/\/pazeraprojektuje.pl\/sklep\/wp-json\/wp\/v2\/media\/669"}],"wp:attachment":[{"href":"https:\/\/pazeraprojektuje.pl\/sklep\/wp-json\/wp\/v2\/media?parent=668"}],"wp:term":[{"taxonomy":"product_brand","embeddable":true,"href":"https:\/\/pazeraprojektuje.pl\/sklep\/wp-json\/wp\/v2\/product_brand?post=668"},{"taxonomy":"product_cat","embeddable":true,"href":"https:\/\/pazeraprojektuje.pl\/sklep\/wp-json\/wp\/v2\/product_cat?post=668"},{"taxonomy":"product_tag","embeddable":true,"href":"https:\/\/pazeraprojektuje.pl\/sklep\/wp-json\/wp\/v2\/product_tag?post=668"}],"curies":[{"name":"wp","href":"https:\/\/api.w.org\/{rel}","templated":true}]}}