{"id":698,"date":"2024-11-22T15:59:20","date_gmt":"2024-11-22T14:59:20","guid":{"rendered":"https:\/\/pazeraprojektuje.pl\/sklep\/?post_type=product&#038;p=698"},"modified":"2024-11-22T16:00:38","modified_gmt":"2024-11-22T15:00:38","slug":"krzeslo-%e2%84%96-3","status":"publish","type":"product","link":"https:\/\/pazeraprojektuje.pl\/sklep\/produkt\/krzeslo-%e2%84%96-3\/","title":{"rendered":"Krzes\u0142o \u2116 3"},"content":{"rendered":"","protected":false},"excerpt":{"rendered":"<p>&#8222;Krzes\u0142o&#8221; to linoryt odbity na papierze, kt\u00f3ry zrobi\u0142am w\u0142asnor\u0119cznie ze starych rysunk\u00f3w i przydomowej makulatury. Wmiesza\u0142am w niego kawa\u0142ki mchu, listki, niteczki i mn\u00f3stwo czu\u0142o\u015bci, dzi\u0119ki czemu ka\u017cda odbitka jest troch\u0119 inna.<\/p>\n<p><strong>Format ok. 9&#215;14 cm<\/strong><\/p>\n<p>Grafik\u0119 kupujesz bez ramy.<\/p>\n","protected":false},"featured_media":699,"template":"","meta":{"_crdt_document":""},"product_brand":[],"product_cat":[18,31],"product_tag":[32],"class_list":{"0":"post-698","1":"product","2":"type-product","3":"status-publish","4":"has-post-thumbnail","6":"product_cat-grafiki","7":"product_cat-miniatury","8":"product_tag-linoryt","10":"first","11":"instock","12":"sold-individually","13":"shipping-taxable","14":"purchasable","15":"product-type-simple"},"_links":{"self":[{"href":"https:\/\/pazeraprojektuje.pl\/sklep\/wp-json\/wp\/v2\/product\/698","targetHints":{"allow":["GET"]}}],"collection":[{"href":"https:\/\/pazeraprojektuje.pl\/sklep\/wp-json\/wp\/v2\/product"}],"about":[{"href":"https:\/\/pazeraprojektuje.pl\/sklep\/wp-json\/wp\/v2\/types\/product"}],"wp:featuredmedia":[{"embeddable":true,"href":"https:\/\/pazeraprojektuje.pl\/sklep\/wp-json\/wp\/v2\/media\/699"}],"wp:attachment":[{"href":"https:\/\/pazeraprojektuje.pl\/sklep\/wp-json\/wp\/v2\/media?parent=698"}],"wp:term":[{"taxonomy":"product_brand","embeddable":true,"href":"https:\/\/pazeraprojektuje.pl\/sklep\/wp-json\/wp\/v2\/product_brand?post=698"},{"taxonomy":"product_cat","embeddable":true,"href":"https:\/\/pazeraprojektuje.pl\/sklep\/wp-json\/wp\/v2\/product_cat?post=698"},{"taxonomy":"product_tag","embeddable":true,"href":"https:\/\/pazeraprojektuje.pl\/sklep\/wp-json\/wp\/v2\/product_tag?post=698"}],"curies":[{"name":"wp","href":"https:\/\/api.w.org\/{rel}","templated":true}]}}