{"id":713,"date":"2024-11-22T16:17:04","date_gmt":"2024-11-22T15:17:04","guid":{"rendered":"https:\/\/pazeraprojektuje.pl\/sklep\/?post_type=product&#038;p=713"},"modified":"2024-11-22T16:18:44","modified_gmt":"2024-11-22T15:18:44","slug":"klony-%e2%84%96-1","status":"publish","type":"product","link":"https:\/\/pazeraprojektuje.pl\/sklep\/produkt\/klony-%e2%84%96-1\/","title":{"rendered":"Klony \u2116 1"},"content":{"rendered":"","protected":false},"excerpt":{"rendered":"<p>Cykl \u201cTroch\u0119 o drzewach\u201d rozpocz\u0119\u0142am w grudniu 2020 roku. Na temat wybra\u0142am sobie drzewa, bo daj\u0105 mi wytchnienie od my\u015blenia. Projekt ka\u017cdej grafiki rysuj\u0119 bezpo\u015brednio na matrycy. Nie musz\u0119 niczego przerysowywa\u0107. Nie musz\u0119 planowa\u0107. I nigdy tak do ko\u0144ca nie wiem, dok\u0105d zaprowadzi mnie ostatnie poci\u0105gni\u0119cie d\u0142utem. Czuj\u0119 si\u0119 w tym wolna, a to pomaga mi odkrywa\u0107. To dlatego \u201cTroch\u0119 o drzewach\u201d jest tylko troch\u0119 o nich, a troch\u0119 bardziej o mnie i mo\u017ce te\u017c o Tobie, bo podobno d\u0142ugie wpatrywanie si\u0119 dzia\u0142a odkrywczo na tego, kto patrzy.<\/p>\n<p>&#8222;Klony 6&#8221; to linoryt odbity na papierze, kt\u00f3ry zrobi\u0142am w\u0142asnor\u0119cznie ze starych rysunk\u00f3w i przydomowej makulatury. Wmiesza\u0142am w niego kawa\u0142ki mchu, listki, niteczki i mn\u00f3stwo czu\u0142o\u015bci, dzi\u0119ki czemu ka\u017cda odbitka jest troch\u0119 inna.<\/p>\n<p><strong>Format ok. 24&#215;34 cm<\/strong><\/p>\n<p>Grafik\u0119 kupujesz bez ramy.<\/p>\n","protected":false},"featured_media":714,"template":"","meta":{"_crdt_document":""},"product_brand":[],"product_cat":[18,34],"product_tag":[32],"class_list":{"0":"post-713","1":"product","2":"type-product","3":"status-publish","4":"has-post-thumbnail","6":"product_cat-grafiki","7":"product_cat-troche-o-drzewach","8":"product_tag-linoryt","10":"first","11":"instock","12":"sold-individually","13":"shipping-taxable","14":"purchasable","15":"product-type-simple"},"_links":{"self":[{"href":"https:\/\/pazeraprojektuje.pl\/sklep\/wp-json\/wp\/v2\/product\/713","targetHints":{"allow":["GET"]}}],"collection":[{"href":"https:\/\/pazeraprojektuje.pl\/sklep\/wp-json\/wp\/v2\/product"}],"about":[{"href":"https:\/\/pazeraprojektuje.pl\/sklep\/wp-json\/wp\/v2\/types\/product"}],"wp:featuredmedia":[{"embeddable":true,"href":"https:\/\/pazeraprojektuje.pl\/sklep\/wp-json\/wp\/v2\/media\/714"}],"wp:attachment":[{"href":"https:\/\/pazeraprojektuje.pl\/sklep\/wp-json\/wp\/v2\/media?parent=713"}],"wp:term":[{"taxonomy":"product_brand","embeddable":true,"href":"https:\/\/pazeraprojektuje.pl\/sklep\/wp-json\/wp\/v2\/product_brand?post=713"},{"taxonomy":"product_cat","embeddable":true,"href":"https:\/\/pazeraprojektuje.pl\/sklep\/wp-json\/wp\/v2\/product_cat?post=713"},{"taxonomy":"product_tag","embeddable":true,"href":"https:\/\/pazeraprojektuje.pl\/sklep\/wp-json\/wp\/v2\/product_tag?post=713"}],"curies":[{"name":"wp","href":"https:\/\/api.w.org\/{rel}","templated":true}]}}