{"id":733,"date":"2024-11-25T16:38:35","date_gmt":"2024-11-25T15:38:35","guid":{"rendered":"https:\/\/pazeraprojektuje.pl\/sklep\/?post_type=product&#038;p=733"},"modified":"2024-11-27T11:55:45","modified_gmt":"2024-11-27T10:55:45","slug":"baza-%e2%84%96-3","status":"publish","type":"product","link":"https:\/\/pazeraprojektuje.pl\/sklep\/produkt\/baza-%e2%84%96-3\/","title":{"rendered":"Baza \u2116 3"},"content":{"rendered":"","protected":false},"excerpt":{"rendered":"<p>&#8222;Baza&#8221; to linoryt odbity na papierze, kt\u00f3ry zrobi\u0142am w\u0142asnor\u0119cznie ze starych rysunk\u00f3w i przydomowej makulatury. Wmiesza\u0142am w niego kawa\u0142ki mchu, listki, niteczki i mn\u00f3stwo czu\u0142o\u015bci, dzi\u0119ki czemu ka\u017cda odbitka jest troch\u0119 inna.<\/p>\n<p><strong>Format ok. 24&#215;34 cm<\/strong><\/p>\n<p>Grafik\u0119 kupujesz bez ramy.<\/p>\n","protected":false},"featured_media":734,"template":"","meta":{"_crdt_document":""},"product_brand":[],"product_cat":[18],"product_tag":[32],"class_list":{"0":"post-733","1":"product","2":"type-product","3":"status-publish","4":"has-post-thumbnail","6":"product_cat-grafiki","7":"product_tag-linoryt","9":"first","10":"instock","11":"sold-individually","12":"shipping-taxable","13":"purchasable","14":"product-type-simple"},"_links":{"self":[{"href":"https:\/\/pazeraprojektuje.pl\/sklep\/wp-json\/wp\/v2\/product\/733","targetHints":{"allow":["GET"]}}],"collection":[{"href":"https:\/\/pazeraprojektuje.pl\/sklep\/wp-json\/wp\/v2\/product"}],"about":[{"href":"https:\/\/pazeraprojektuje.pl\/sklep\/wp-json\/wp\/v2\/types\/product"}],"wp:featuredmedia":[{"embeddable":true,"href":"https:\/\/pazeraprojektuje.pl\/sklep\/wp-json\/wp\/v2\/media\/734"}],"wp:attachment":[{"href":"https:\/\/pazeraprojektuje.pl\/sklep\/wp-json\/wp\/v2\/media?parent=733"}],"wp:term":[{"taxonomy":"product_brand","embeddable":true,"href":"https:\/\/pazeraprojektuje.pl\/sklep\/wp-json\/wp\/v2\/product_brand?post=733"},{"taxonomy":"product_cat","embeddable":true,"href":"https:\/\/pazeraprojektuje.pl\/sklep\/wp-json\/wp\/v2\/product_cat?post=733"},{"taxonomy":"product_tag","embeddable":true,"href":"https:\/\/pazeraprojektuje.pl\/sklep\/wp-json\/wp\/v2\/product_tag?post=733"}],"curies":[{"name":"wp","href":"https:\/\/api.w.org\/{rel}","templated":true}]}}