{"id":737,"date":"2024-11-22T16:48:50","date_gmt":"2024-11-22T15:48:50","guid":{"rendered":"https:\/\/pazeraprojektuje.pl\/sklep\/?post_type=product&#038;p=737"},"modified":"2024-11-22T16:53:23","modified_gmt":"2024-11-22T15:53:23","slug":"baszta-50x70-cm","status":"publish","type":"product","link":"https:\/\/pazeraprojektuje.pl\/sklep\/produkt\/baszta-50x70-cm\/","title":{"rendered":"Baszta 50&#215;70 cm"},"content":{"rendered":"","protected":false},"excerpt":{"rendered":"<p>Starogard i baszta to plakat, kt\u00f3ry troch\u0119 na\u015bmiewa si\u0119 z Ma\u0142ego Miasta, w kt\u00f3rym mo\u017cna zobaczy\u0107 tylko baszt\u0119 i gotycki ko\u015bci\u00f3\u0142, a r\u00f3wnocze\u015bnie kocha je bezwarunkowo i nie wyobra\u017ca sobie \u017cycia poza nim. Starogard i basta!<\/p>\n<p>format:\u00a0<strong>50\u00d770 cm<\/strong><\/p>\n<p>Plakat kupujesz bez ramy.<\/p>\n","protected":false},"featured_media":672,"template":"","meta":{"_crdt_document":""},"product_brand":[],"product_cat":[17,30],"product_tag":[],"class_list":{"0":"post-737","1":"product","2":"type-product","3":"status-publish","4":"has-post-thumbnail","6":"product_cat-plakaty","7":"product_cat-starogardzkie","9":"first","10":"instock","11":"shipping-taxable","12":"purchasable","13":"product-type-simple"},"_links":{"self":[{"href":"https:\/\/pazeraprojektuje.pl\/sklep\/wp-json\/wp\/v2\/product\/737","targetHints":{"allow":["GET"]}}],"collection":[{"href":"https:\/\/pazeraprojektuje.pl\/sklep\/wp-json\/wp\/v2\/product"}],"about":[{"href":"https:\/\/pazeraprojektuje.pl\/sklep\/wp-json\/wp\/v2\/types\/product"}],"wp:featuredmedia":[{"embeddable":true,"href":"https:\/\/pazeraprojektuje.pl\/sklep\/wp-json\/wp\/v2\/media\/672"}],"wp:attachment":[{"href":"https:\/\/pazeraprojektuje.pl\/sklep\/wp-json\/wp\/v2\/media?parent=737"}],"wp:term":[{"taxonomy":"product_brand","embeddable":true,"href":"https:\/\/pazeraprojektuje.pl\/sklep\/wp-json\/wp\/v2\/product_brand?post=737"},{"taxonomy":"product_cat","embeddable":true,"href":"https:\/\/pazeraprojektuje.pl\/sklep\/wp-json\/wp\/v2\/product_cat?post=737"},{"taxonomy":"product_tag","embeddable":true,"href":"https:\/\/pazeraprojektuje.pl\/sklep\/wp-json\/wp\/v2\/product_tag?post=737"}],"curies":[{"name":"wp","href":"https:\/\/api.w.org\/{rel}","templated":true}]}}