{"id":739,"date":"2024-11-26T10:59:03","date_gmt":"2024-11-26T09:59:03","guid":{"rendered":"https:\/\/pazeraprojektuje.pl\/sklep\/?post_type=product&#038;p=739"},"modified":"2024-11-27T17:30:00","modified_gmt":"2024-11-27T16:30:00","slug":"grajek-50x70-cm","status":"publish","type":"product","link":"https:\/\/pazeraprojektuje.pl\/sklep\/produkt\/grajek-50x70-cm\/","title":{"rendered":"Grajek 50&#215;70 cm"},"content":{"rendered":"","protected":false},"excerpt":{"rendered":"<p>Ten plakat powsta\u0142, aby upami\u0119tni\u0107 Pana Zygmunta &#8211; starogardzkiego grajka, kt\u00f3ry latami przygrywa\u0142 na akordeonie, wpisuj\u0105c si\u0119 w krajobraz Rynku. Pana Zygmunta ju\u017c nie ma, ale cieszy mnie popularno\u015b\u0107 tego plakatu, kt\u00f3ry zawis\u0142 w wielu domach, przechowuj\u0105c pami\u0119\u0107 o nim.<\/p>\n<p>format:\u00a0<strong>50\u00d770 cm<\/strong><\/p>\n<p>Plakat kupujesz bez ramy.<\/p>\n","protected":false},"featured_media":738,"template":"","meta":{"_crdt_document":""},"product_brand":[],"product_cat":[17,30],"product_tag":[],"class_list":{"0":"post-739","1":"product","2":"type-product","3":"status-publish","4":"has-post-thumbnail","6":"product_cat-plakaty","7":"product_cat-starogardzkie","9":"first","10":"instock","11":"shipping-taxable","12":"purchasable","13":"product-type-simple"},"_links":{"self":[{"href":"https:\/\/pazeraprojektuje.pl\/sklep\/wp-json\/wp\/v2\/product\/739","targetHints":{"allow":["GET"]}}],"collection":[{"href":"https:\/\/pazeraprojektuje.pl\/sklep\/wp-json\/wp\/v2\/product"}],"about":[{"href":"https:\/\/pazeraprojektuje.pl\/sklep\/wp-json\/wp\/v2\/types\/product"}],"wp:featuredmedia":[{"embeddable":true,"href":"https:\/\/pazeraprojektuje.pl\/sklep\/wp-json\/wp\/v2\/media\/738"}],"wp:attachment":[{"href":"https:\/\/pazeraprojektuje.pl\/sklep\/wp-json\/wp\/v2\/media?parent=739"}],"wp:term":[{"taxonomy":"product_brand","embeddable":true,"href":"https:\/\/pazeraprojektuje.pl\/sklep\/wp-json\/wp\/v2\/product_brand?post=739"},{"taxonomy":"product_cat","embeddable":true,"href":"https:\/\/pazeraprojektuje.pl\/sklep\/wp-json\/wp\/v2\/product_cat?post=739"},{"taxonomy":"product_tag","embeddable":true,"href":"https:\/\/pazeraprojektuje.pl\/sklep\/wp-json\/wp\/v2\/product_tag?post=739"}],"curies":[{"name":"wp","href":"https:\/\/api.w.org\/{rel}","templated":true}]}}