{"id":746,"date":"2024-11-26T17:43:13","date_gmt":"2024-11-26T16:43:13","guid":{"rendered":"https:\/\/pazeraprojektuje.pl\/sklep\/?post_type=product&#038;p=746"},"modified":"2024-11-26T17:47:00","modified_gmt":"2024-11-26T16:47:00","slug":"o-wolnosci-70x100-cm","status":"publish","type":"product","link":"https:\/\/pazeraprojektuje.pl\/sklep\/produkt\/o-wolnosci-70x100-cm\/","title":{"rendered":"O wolno\u015bci 70&#215;100 cm"},"content":{"rendered":"","protected":false},"excerpt":{"rendered":"<p>Plakat o wolno\u015bci i powolno\u015bci. Zapisany krojem pisma pod robocz\u0105 nazw\u0105 &#8222;Wsp\u00f3lna pracownia&#8221;.<\/p>\n<p><strong>Format 70&#215;100 cm<\/strong><\/p>\n<p>Plakat kupujesz bez ramy<\/p>\n","protected":false},"featured_media":743,"template":"","meta":{"_crdt_document":""},"product_brand":[],"product_cat":[17,28],"product_tag":[],"class_list":{"0":"post-746","1":"product","2":"type-product","3":"status-publish","4":"has-post-thumbnail","6":"product_cat-plakaty","7":"product_cat-z-przeslaniem","9":"first","10":"instock","11":"shipping-taxable","12":"purchasable","13":"product-type-simple"},"_links":{"self":[{"href":"https:\/\/pazeraprojektuje.pl\/sklep\/wp-json\/wp\/v2\/product\/746","targetHints":{"allow":["GET"]}}],"collection":[{"href":"https:\/\/pazeraprojektuje.pl\/sklep\/wp-json\/wp\/v2\/product"}],"about":[{"href":"https:\/\/pazeraprojektuje.pl\/sklep\/wp-json\/wp\/v2\/types\/product"}],"wp:featuredmedia":[{"embeddable":true,"href":"https:\/\/pazeraprojektuje.pl\/sklep\/wp-json\/wp\/v2\/media\/743"}],"wp:attachment":[{"href":"https:\/\/pazeraprojektuje.pl\/sklep\/wp-json\/wp\/v2\/media?parent=746"}],"wp:term":[{"taxonomy":"product_brand","embeddable":true,"href":"https:\/\/pazeraprojektuje.pl\/sklep\/wp-json\/wp\/v2\/product_brand?post=746"},{"taxonomy":"product_cat","embeddable":true,"href":"https:\/\/pazeraprojektuje.pl\/sklep\/wp-json\/wp\/v2\/product_cat?post=746"},{"taxonomy":"product_tag","embeddable":true,"href":"https:\/\/pazeraprojektuje.pl\/sklep\/wp-json\/wp\/v2\/product_tag?post=746"}],"curies":[{"name":"wp","href":"https:\/\/api.w.org\/{rel}","templated":true}]}}